{"id":117,"date":"2015-08-14T00:39:50","date_gmt":"2015-08-13T23:39:50","guid":{"rendered":"http:\/\/mediation-hautesorne.ch\/?page_id=117"},"modified":"2024-07-27T10:21:49","modified_gmt":"2024-07-27T09:21:49","slug":"comment-ca-fonctionne","status":"publish","type":"page","link":"https:\/\/mediation-hautesorne.ch\/?page_id=117","title":{"rendered":"Comment \u00e7a fonctionne"},"content":{"rendered":"<p><a href=\"http:\/\/mediation-hautesorne.ch\/wp-content\/uploads\/2015\/08\/Pelote-ose-gauche.png\"><img decoding=\"async\" loading=\"lazy\" class=\" wp-image-164 alignnone\" src=\"http:\/\/mediation-hautesorne.ch\/wp-content\/uploads\/2015\/08\/Pelote-ose-gauche.png\" alt=\"Pelote-ose-gauche\" width=\"509\" height=\"249\" srcset=\"https:\/\/mediation-hautesorne.ch\/wp-content\/uploads\/2015\/08\/Pelote-ose-gauche.png 1292w, https:\/\/mediation-hautesorne.ch\/wp-content\/uploads\/2015\/08\/Pelote-ose-gauche-300x147.png 300w, https:\/\/mediation-hautesorne.ch\/wp-content\/uploads\/2015\/08\/Pelote-ose-gauche-1024x501.png 1024w\" sizes=\"(max-width: 509px) 100vw, 509px\" \/><\/a><a href=\"http:\/\/mediation-hautesorne.ch\/wp-content\/uploads\/2015\/08\/cropped-pelote_111.png\"><br \/>\n<\/a>Tu peux rencontrer la m\u00e9diatrice, aux heures de <a href=\"http:\/\/mediation-hautesorne.ch\/?page_id=50\">permanences de ton \u00e9cole<\/a>.<\/p>\n<p>Pour lui parler tu peux mettre un message dans la bo\u00eete aux lettres. N&rsquo;oublie pas de noter ton nom et pr\u00e9nom, et le nom de ta ma\u00eetresse ou ton ma\u00eetre de classe.<\/p>\n<p>En cas d&rsquo;urgence, tu peux appeler ou \u00e9crire un SMS au 079 387 16 66.<\/p>\n<p>Ou plus simplement, tu peux demander \u00e0 la voir si tu la croises dans l&rsquo;\u00e9cole.<\/p>\n<p>Ta ma\u00eetresse ou ton ma\u00eetre de classe peuvent aussi lui transmettre ta demande.<\/p>\n<p>Le calendrier des permanences est affich\u00e9 \u00e0 la porte du local d&rsquo;accueil, dans ta classe, sur la bo\u00eete aux lettres (m\u00e9diation) ou sur le site Internet <a href=\"http:\/\/mediation-hautesorne.ch\/\">www.mediation-hautesorne.ch<\/a> (<a href=\"http:\/\/mediation-hautesorne.ch\/?page_id=50\">clique ici<\/a>).<\/p>\n","protected":false},"excerpt":{"rendered":"<p>Tu peux rencontrer la m\u00e9diatrice, aux heures de permanences de ton \u00e9cole. Pour lui parler tu peux mettre un message dans la bo\u00eete aux lettres. N&rsquo;oublie pas de noter ton nom et pr\u00e9nom, et le nom de ta ma\u00eetresse ou ton ma\u00eetre de classe. En cas d&rsquo;urgence, tu peux appeler ou \u00e9crire un SMS au [&hellip;]<\/p>\n","protected":false},"author":1,"featured_media":0,"parent":0,"menu_order":6,"comment_status":"closed","ping_status":"closed","template":"","meta":{"footnotes":""},"_links":{"self":[{"href":"https:\/\/mediation-hautesorne.ch\/index.php?rest_route=\/wp\/v2\/pages\/117"}],"collection":[{"href":"https:\/\/mediation-hautesorne.ch\/index.php?rest_route=\/wp\/v2\/pages"}],"about":[{"href":"https:\/\/mediation-hautesorne.ch\/index.php?rest_route=\/wp\/v2\/types\/page"}],"author":[{"embeddable":true,"href":"https:\/\/mediation-hautesorne.ch\/index.php?rest_route=\/wp\/v2\/users\/1"}],"replies":[{"embeddable":true,"href":"https:\/\/mediation-hautesorne.ch\/index.php?rest_route=%2Fwp%2Fv2%2Fcomments&post=117"}],"version-history":[{"count":20,"href":"https:\/\/mediation-hautesorne.ch\/index.php?rest_route=\/wp\/v2\/pages\/117\/revisions"}],"predecessor-version":[{"id":410,"href":"https:\/\/mediation-hautesorne.ch\/index.php?rest_route=\/wp\/v2\/pages\/117\/revisions\/410"}],"wp:attachment":[{"href":"https:\/\/mediation-hautesorne.ch\/index.php?rest_route=%2Fwp%2Fv2%2Fmedia&parent=117"}],"curies":[{"name":"wp","href":"https:\/\/api.w.org\/{rel}","templated":true}]}}