{"id":20,"date":"2015-08-10T22:02:23","date_gmt":"2015-08-10T21:02:23","guid":{"rendered":"http:\/\/mediation-hautesorne.ch\/?page_id=20"},"modified":"2024-07-27T10:16:03","modified_gmt":"2024-07-27T09:16:03","slug":"mediatrice-scolaire","status":"publish","type":"page","link":"https:\/\/mediation-hautesorne.ch\/?page_id=20","title":{"rendered":"M\u00e9diatrice"},"content":{"rendered":"\n<div class=\"wp-block-group is-vertical is-layout-flex wp-container-1 wp-block-group-is-layout-flex\">\n<table style=\"height: 304px;\" border=\"0\" width=\"839\" cellspacing=\"0\" cellpadding=\"0\"><colgroup> <col width=\"78*\" \/> <col width=\"178*\" \/><\/colgroup>\n<tbody>\n<tr valign=\"TOP\">\n<td style=\"text-align: center;\" width=\"30%\"><a href=\"http:\/\/mediation-hautesorne.ch\/wp-content\/uploads\/2023\/08\/Carine1.jpg\"><img decoding=\"async\" loading=\"lazy\" class=\"aligncenter wp-image-397\" src=\"http:\/\/mediation-hautesorne.ch\/wp-content\/uploads\/2023\/08\/Carine1.jpg\" alt=\"\" width=\"143\" height=\"179\" srcset=\"https:\/\/mediation-hautesorne.ch\/wp-content\/uploads\/2023\/08\/Carine1.jpg 584w, https:\/\/mediation-hautesorne.ch\/wp-content\/uploads\/2023\/08\/Carine1-240x300.jpg 240w\" sizes=\"(max-width: 143px) 100vw, 143px\" \/><\/a><\/td>\n<td width=\"70%\">Carine est \u00e0 <span style=\"color: #ff6600;\">l&rsquo;\u00e9coute des \u00e9l\u00e8ves <\/span>des \u00e9coles primaires de la Haute-Sorne et de Bo\u00e9court.<br \/>079 387 16 66<br \/><span style=\"line-height: 1.5;\">carine.jolissaint@edu.jura.ch<\/span><\/td>\n<\/tr>\n<tr>\n<td colspan=\"2\" valign=\"TOP\" width=\"100%\"><span style=\"color: #808080;\">Carine Jolissaint<\/span><br \/><span style=\"color: #808080;\">M\u00e9diatrice scolaire<\/span><br \/><span style=\"color: #808080;\"><span style=\"font-family: inherit; font-size: inherit; line-height: 1.5;\">Enseignante primaire \u00e0 Bassecourt<br \/><\/span><br \/><\/span><\/td>\n<\/tr>\n<\/tbody>\n<\/table>\n<\/div>\n","protected":false},"excerpt":{"rendered":"<p>Carine est \u00e0 l&rsquo;\u00e9coute des \u00e9l\u00e8ves des \u00e9coles primaires de la Haute-Sorne et de Bo\u00e9court.079 387 16 66carine.jolissaint@edu.jura.ch Carine JolissaintM\u00e9diatrice scolaireEnseignante primaire \u00e0 Bassecourt<\/p>\n","protected":false},"author":1,"featured_media":0,"parent":0,"menu_order":4,"comment_status":"closed","ping_status":"closed","template":"","meta":{"footnotes":""},"_links":{"self":[{"href":"https:\/\/mediation-hautesorne.ch\/index.php?rest_route=\/wp\/v2\/pages\/20"}],"collection":[{"href":"https:\/\/mediation-hautesorne.ch\/index.php?rest_route=\/wp\/v2\/pages"}],"about":[{"href":"https:\/\/mediation-hautesorne.ch\/index.php?rest_route=\/wp\/v2\/types\/page"}],"author":[{"embeddable":true,"href":"https:\/\/mediation-hautesorne.ch\/index.php?rest_route=\/wp\/v2\/users\/1"}],"replies":[{"embeddable":true,"href":"https:\/\/mediation-hautesorne.ch\/index.php?rest_route=%2Fwp%2Fv2%2Fcomments&post=20"}],"version-history":[{"count":63,"href":"https:\/\/mediation-hautesorne.ch\/index.php?rest_route=\/wp\/v2\/pages\/20\/revisions"}],"predecessor-version":[{"id":408,"href":"https:\/\/mediation-hautesorne.ch\/index.php?rest_route=\/wp\/v2\/pages\/20\/revisions\/408"}],"wp:attachment":[{"href":"https:\/\/mediation-hautesorne.ch\/index.php?rest_route=%2Fwp%2Fv2%2Fmedia&parent=20"}],"curies":[{"name":"wp","href":"https:\/\/api.w.org\/{rel}","templated":true}]}}