{"id":217,"date":"2015-08-20T22:49:52","date_gmt":"2015-08-20T21:49:52","guid":{"rendered":"http:\/\/mediation-hautesorne.ch\/?page_id=217"},"modified":"2015-08-20T23:10:17","modified_gmt":"2015-08-20T22:10:17","slug":"pourquoi-la-mediation","status":"publish","type":"page","link":"https:\/\/mediation-hautesorne.ch\/?page_id=217","title":{"rendered":"Pourquoi la m\u00e9diation"},"content":{"rendered":"<p>La m\u00e9diatrice est l\u00e0 !<\/p>\n<p>Si tu as besoin de parler d&rsquo;une situation qui te pose probl\u00e8me \u00e0 l&rsquo;\u00e9cole, en\u00a0classe, sur le chemin de l&rsquo;\u00e9cole, avec tes camarades, \u00e0 la maison ou en\u00a0famille, tu peux aller voir la m\u00e9diatrice.<\/p>\n<p>Si tu te sens emb\u00eat\u00e9, insult\u00e9, humili\u00e9, rackett\u00e9, frapp\u00e9, mis \u00e0 l&rsquo;\u00e9cart ou tout\u00a0autre malaise, tu peux te confier \u00e0 la m\u00e9diatrice.<\/p>\n<p>Si tu as des soucis de famille, de sommeil, de moral ou de c\u0153ur, tu peux en\u00a0parler \u00e0 la m\u00e9diatrice.<\/p>\n<p>Si tu as besoin de parler, dialoguer, bavarder, tu peux aller trouver la\u00a0m\u00e9diatrice, elle a du temps pour toi.<\/p>\n","protected":false},"excerpt":{"rendered":"<p>La m\u00e9diatrice est l\u00e0 ! Si tu as besoin de parler d&rsquo;une situation qui te pose probl\u00e8me \u00e0 l&rsquo;\u00e9cole, en\u00a0classe, sur le chemin de l&rsquo;\u00e9cole, avec tes camarades, \u00e0 la maison ou en\u00a0famille, tu peux aller voir la m\u00e9diatrice. Si tu te sens emb\u00eat\u00e9, insult\u00e9, humili\u00e9, rackett\u00e9, frapp\u00e9, mis \u00e0 l&rsquo;\u00e9cart ou tout\u00a0autre malaise, tu [&hellip;]<\/p>\n","protected":false},"author":1,"featured_media":0,"parent":0,"menu_order":0,"comment_status":"closed","ping_status":"closed","template":"","meta":{"footnotes":""},"_links":{"self":[{"href":"https:\/\/mediation-hautesorne.ch\/index.php?rest_route=\/wp\/v2\/pages\/217"}],"collection":[{"href":"https:\/\/mediation-hautesorne.ch\/index.php?rest_route=\/wp\/v2\/pages"}],"about":[{"href":"https:\/\/mediation-hautesorne.ch\/index.php?rest_route=\/wp\/v2\/types\/page"}],"author":[{"embeddable":true,"href":"https:\/\/mediation-hautesorne.ch\/index.php?rest_route=\/wp\/v2\/users\/1"}],"replies":[{"embeddable":true,"href":"https:\/\/mediation-hautesorne.ch\/index.php?rest_route=%2Fwp%2Fv2%2Fcomments&post=217"}],"version-history":[{"count":1,"href":"https:\/\/mediation-hautesorne.ch\/index.php?rest_route=\/wp\/v2\/pages\/217\/revisions"}],"predecessor-version":[{"id":219,"href":"https:\/\/mediation-hautesorne.ch\/index.php?rest_route=\/wp\/v2\/pages\/217\/revisions\/219"}],"wp:attachment":[{"href":"https:\/\/mediation-hautesorne.ch\/index.php?rest_route=%2Fwp%2Fv2%2Fmedia&parent=217"}],"curies":[{"name":"wp","href":"https:\/\/api.w.org\/{rel}","templated":true}]}}