{"id":50,"date":"2015-08-13T11:51:37","date_gmt":"2015-08-13T10:51:37","guid":{"rendered":"http:\/\/mediation-hautesorne.ch\/?page_id=50"},"modified":"2024-08-25T08:49:41","modified_gmt":"2024-08-25T07:49:41","slug":"permanences","status":"publish","type":"page","link":"https:\/\/mediation-hautesorne.ch\/?page_id=50","title":{"rendered":"Permanences"},"content":{"rendered":"\n<h1 class=\"wp-block-heading\"><a rel=\"attachment wp-att-159\" href=\"http:\/\/mediation-hautesorne.ch\/?attachment_id=159\"><img decoding=\"async\" loading=\"lazy\" width=\"523\" height=\"256\" class=\"wp-image-159 aligncenter\" src=\"http:\/\/mediation-hautesorne.ch\/wp-content\/uploads\/2015\/08\/Pelote-ose-court.png\" alt=\"\" srcset=\"https:\/\/mediation-hautesorne.ch\/wp-content\/uploads\/2015\/08\/Pelote-ose-court.png 1292w, https:\/\/mediation-hautesorne.ch\/wp-content\/uploads\/2015\/08\/Pelote-ose-court-300x147.png 300w, https:\/\/mediation-hautesorne.ch\/wp-content\/uploads\/2015\/08\/Pelote-ose-court-1024x501.png 1024w\" sizes=\"(max-width: 523px) 100vw, 523px\" \/><\/a>Permanences de l&rsquo;ann\u00e9e 2024-2025<\/h1>\n\n\n\n<h3 class=\"wp-block-heading\"><strong>Bassecourt :<\/strong><br>Lundi de 10h00 \u00e0 11h45<br>Mercredi de 10h00 \u00e0 10h55<\/h3>\n\n\n\n<h3 class=\"wp-block-heading\"><strong>Courfaivre :<\/strong><br>Jeudi 13h30 \u00e0 15h05, les semaines impaires<\/h3>\n\n\n\n<h3 class=\"wp-block-heading\"><strong>Glovelier :<br><\/strong>Jeudi de 13h30 \u00e0 15h05, les semaines paires<\/h3>\n\n\n\n<p>Tu ne sais pas comment faire pour parler \u00e0 la m\u00e9diatrice ? <a href=\"http:\/\/mediation-hautesorne.ch\/?page_id=117\">Clique ici<\/a><\/p>\n\n\n\n<!--more-->\n\n\n\n<p><\/p>\n","protected":false},"excerpt":{"rendered":"<p>Permanences de l&rsquo;ann\u00e9e 2024-2025 Bassecourt :Lundi de 10h00 \u00e0 11h45Mercredi de 10h00 \u00e0 10h55 Courfaivre :Jeudi 13h30 \u00e0 15h05, les semaines impaires Glovelier :Jeudi de 13h30 \u00e0 15h05, les semaines paires Tu ne sais pas comment faire pour parler \u00e0 la m\u00e9diatrice ? Clique ici<\/p>\n","protected":false},"author":1,"featured_media":0,"parent":0,"menu_order":2,"comment_status":"closed","ping_status":"closed","template":"","meta":{"footnotes":""},"_links":{"self":[{"href":"https:\/\/mediation-hautesorne.ch\/index.php?rest_route=\/wp\/v2\/pages\/50"}],"collection":[{"href":"https:\/\/mediation-hautesorne.ch\/index.php?rest_route=\/wp\/v2\/pages"}],"about":[{"href":"https:\/\/mediation-hautesorne.ch\/index.php?rest_route=\/wp\/v2\/types\/page"}],"author":[{"embeddable":true,"href":"https:\/\/mediation-hautesorne.ch\/index.php?rest_route=\/wp\/v2\/users\/1"}],"replies":[{"embeddable":true,"href":"https:\/\/mediation-hautesorne.ch\/index.php?rest_route=%2Fwp%2Fv2%2Fcomments&post=50"}],"version-history":[{"count":84,"href":"https:\/\/mediation-hautesorne.ch\/index.php?rest_route=\/wp\/v2\/pages\/50\/revisions"}],"predecessor-version":[{"id":416,"href":"https:\/\/mediation-hautesorne.ch\/index.php?rest_route=\/wp\/v2\/pages\/50\/revisions\/416"}],"wp:attachment":[{"href":"https:\/\/mediation-hautesorne.ch\/index.php?rest_route=%2Fwp%2Fv2%2Fmedia&parent=50"}],"curies":[{"name":"wp","href":"https:\/\/api.w.org\/{rel}","templated":true}]}}